{"id":1948,"date":"2020-09-13T23:35:56","date_gmt":"2020-09-13T23:35:56","guid":{"rendered":"http:\/\/lluviaderosas.com\/santateresita\/?page_id=1948"},"modified":"2026-04-13T20:29:34","modified_gmt":"2026-04-13T20:29:34","slug":"pedir-oracion","status":"publish","type":"page","link":"http:\/\/lluviaderosas.com\/santateresita\/pedir-oracion\/","title":{"rendered":"Env\u00ede desde aqu\u00ed su Petici\u00f3n"},"content":{"rendered":"\n<!-- iframe plugin v.6.0 wordpress.org\/plugins\/iframe\/ -->\n<iframe loading=\"lazy\" src=\"http:\/\/www.lluviaderosas.com\/peticion\/formul_mensaje_new.php\" width=\"100%\" height=\"1200\" scrolling=\"yes\" class=\"iframe-class\" frameborder=\"0\"><\/iframe>\n\n","protected":false},"excerpt":{"rendered":"","protected":false},"author":1,"featured_media":0,"parent":0,"menu_order":0,"comment_status":"closed","ping_status":"closed","template":"template-fullwidth.php","meta":{"footnotes":""},"class_list":["post-1948","page","type-page","status-publish","hentry"],"_links":{"self":[{"href":"http:\/\/lluviaderosas.com\/santateresita\/wp-json\/wp\/v2\/pages\/1948","targetHints":{"allow":["GET"]}}],"collection":[{"href":"http:\/\/lluviaderosas.com\/santateresita\/wp-json\/wp\/v2\/pages"}],"about":[{"href":"http:\/\/lluviaderosas.com\/santateresita\/wp-json\/wp\/v2\/types\/page"}],"author":[{"embeddable":true,"href":"http:\/\/lluviaderosas.com\/santateresita\/wp-json\/wp\/v2\/users\/1"}],"replies":[{"embeddable":true,"href":"http:\/\/lluviaderosas.com\/santateresita\/wp-json\/wp\/v2\/comments?post=1948"}],"version-history":[{"count":8,"href":"http:\/\/lluviaderosas.com\/santateresita\/wp-json\/wp\/v2\/pages\/1948\/revisions"}],"predecessor-version":[{"id":2348,"href":"http:\/\/lluviaderosas.com\/santateresita\/wp-json\/wp\/v2\/pages\/1948\/revisions\/2348"}],"wp:attachment":[{"href":"http:\/\/lluviaderosas.com\/santateresita\/wp-json\/wp\/v2\/media?parent=1948"}],"curies":[{"name":"wp","href":"https:\/\/api.w.org\/{rel}","templated":true}]}}