{"id":2276,"date":"2021-07-11T20:18:54","date_gmt":"2021-07-11T20:18:54","guid":{"rendered":"http:\/\/lluviaderosas.com\/santateresita\/?page_id=2276"},"modified":"2021-07-11T21:19:45","modified_gmt":"2021-07-11T21:19:45","slug":"novena-a-la-virgen-de-la-sonrisa","status":"publish","type":"page","link":"http:\/\/lluviaderosas.com\/santateresita\/novena-a-la-virgen-de-la-sonrisa\/","title":{"rendered":"Novena a la Virgen de la Sonrisa"},"content":{"rendered":"\n<div class=\"wp-block-image\"><figure class=\"alignleft size-medium\"><img loading=\"lazy\" decoding=\"async\" width=\"200\" height=\"300\" src=\"http:\/\/lluviaderosas.com\/santateresita\/wp-content\/uploads\/2021\/07\/virgen_sonrisa-1-200x300.png\" alt=\"\" class=\"wp-image-2316\" srcset=\"http:\/\/lluviaderosas.com\/santateresita\/wp-content\/uploads\/2021\/07\/virgen_sonrisa-1-200x300.png 200w, http:\/\/lluviaderosas.com\/santateresita\/wp-content\/uploads\/2021\/07\/virgen_sonrisa-1-683x1024.png 683w, http:\/\/lluviaderosas.com\/santateresita\/wp-content\/uploads\/2021\/07\/virgen_sonrisa-1-768x1152.png 768w, http:\/\/lluviaderosas.com\/santateresita\/wp-content\/uploads\/2021\/07\/virgen_sonrisa-1.png 788w\" sizes=\"auto, (max-width: 200px) 100vw, 200px\" \/><figcaption>Virgen de la Sonrisa<\/figcaption><\/figure><\/div>\n\n\n\n<p>Especialmente destinada para ayudar a rezar a quienes se sienten afligidos y agobiados por tristeza, depresi\u00f3n o alguna enfermedad f\u00edsica, emocional o espiritual o para interceder por quienes las que padecen.<\/p>\n\n\n\n<p>\u201cTambi\u00e9n la pobre Teresita, al no encontrar ninguna ayuda en la tierra, se hab\u00eda vuelto hacia su Madre del cielo, suplic\u00e1ndole con toda su alma que tuviese por fin piedad de ella&#8230;<\/p>\n\n\n\n<p>De repente, la Sant\u00edsima Virgen me pareci\u00f3 hermosa , tan hermosa , que yo nunca hab\u00eda visto nada tan bello. Su rostro respiraba una bondad y una ternura inefables. Pero lo que me cal\u00f3 hasta el fondo del alma fue la encantadora sonrisa de la Sant\u00edsima Virgen.<\/p>\n\n\n\n<p>En aquel momento, todas mis penas se disiparon. Dos gruesas l\u00e1grimas brotaron de mis p\u00e1rpados y se deslizaron silenciosamente por mis mejillas, pero eran l\u00e1grimas de pura alegr\u00eda&#8230; \u00a1La Sant\u00edsima Virgen, pens\u00e9, me ha sonre\u00eddo! \u00a1Qu\u00e9 feliz soy&#8230;!\u201d<\/p>\n\n\n\n<p>(Santa Teresita del Ni\u00f1o Jes\u00fas. Historia de un alma, III )<\/p>\n\n\n\n<div class=\"wp-block-image\"><figure class=\"aligncenter size-large\"><img loading=\"lazy\" decoding=\"async\" width=\"454\" height=\"55\" src=\"http:\/\/lluviaderosas.com\/santateresita\/wp-content\/uploads\/2020\/09\/floral.gif\" alt=\"\" class=\"wp-image-1951\"\/><\/figure><\/div>\n\n\n<style>.wp-show-posts-columns#wpsp-2307 {margin-left: -2em; }.wp-show-posts-columns#wpsp-2307 .wp-show-posts-inner {margin: 0 0 2em 2em; }<\/style><section id=\"wpsp-2307\" class=\" wp-show-posts-columns wp-show-posts\" style=\"\"><article class=\" wp-show-posts-single post-2278 post type-post status-publish format-standard hentry category-novena-virgen-de-la-sonrisa wpsp-col-6\" itemtype=\"http:\/\/schema.org\/CreativeWork\" itemscope><div class=\"wp-show-posts-inner\" style=\"\">\t\t\t\t\t\t<header class=\"wp-show-posts-entry-header\">\n\t\t\t\t\t\t\t<h2 class=\"wp-show-posts-entry-title\" itemprop=\"headline\"><a href=\"http:\/\/lluviaderosas.com\/santateresita\/primer-dia-2\/\" rel=\"bookmark\">Primer d\u00eda<\/a><\/h2><div class=\"wp-show-posts-entry-meta wp-show-posts-entry-meta-below-title post-meta-inline\"><span class=\"wp-show-posts-posted-on wp-show-posts-meta\">\n\t\t\t\t\t<a href=\"http:\/\/lluviaderosas.com\/santateresita\/primer-dia-2\/\" title=\"8:22 pm\" rel=\"bookmark\"><time class=\"wp-show-posts-entry-date published\" datetime=\"2021-07-11T20:22:24+00:00\" itemprop=\"datePublished\"><\/time><time class=\"wp-show-posts-updated\" datetime=\"2021-07-11T21:23:38+00:00\" itemprop=\"dateModified\"><\/time><\/a>\n\t\t\t\t<\/span><\/div>\t\t\t\t\t\t<\/header><!-- .entry-header -->\n\t\t\t\t\t\t\t\t\t\t\t<div class=\"wp-show-posts-entry-summary\" itemprop=\"text\">\n\t\t\t\t\t\t\t<p>Virgen de la Sonrisa, Madre de la alegr\u00eda.<br \/>\nVengo a ponerme delante de tus ojos buenos.<br \/>\nNecesito esa luz de tus ojos serenos y esa esperanza<br \/>\nde tu rostro amable.<\/p>\n\t\t\t\t\t\t<\/div><!-- .entry-summary -->\n\t\t\t\t\t<\/div><!-- wp-show-posts-inner --><\/article><article class=\" wp-show-posts-single post-2280 post type-post status-publish format-standard hentry category-novena-virgen-de-la-sonrisa wpsp-col-6\" itemtype=\"http:\/\/schema.org\/CreativeWork\" itemscope><div class=\"wp-show-posts-inner\" style=\"\">\t\t\t\t\t\t<header class=\"wp-show-posts-entry-header\">\n\t\t\t\t\t\t\t<h2 class=\"wp-show-posts-entry-title\" itemprop=\"headline\"><a href=\"http:\/\/lluviaderosas.com\/santateresita\/segundo-dia-2\/\" rel=\"bookmark\">Segundo d\u00eda<\/a><\/h2><div class=\"wp-show-posts-entry-meta wp-show-posts-entry-meta-below-title post-meta-inline\"><span class=\"wp-show-posts-posted-on wp-show-posts-meta\">\n\t\t\t\t\t<a href=\"http:\/\/lluviaderosas.com\/santateresita\/segundo-dia-2\/\" title=\"8:23 pm\" rel=\"bookmark\"><time class=\"wp-show-posts-entry-date published\" datetime=\"2021-07-11T20:23:54+00:00\" itemprop=\"datePublished\"><\/time><time class=\"wp-show-posts-updated\" datetime=\"2021-07-11T21:24:45+00:00\" itemprop=\"dateModified\"><\/time><\/a>\n\t\t\t\t<\/span><\/div>\t\t\t\t\t\t<\/header><!-- .entry-header -->\n\t\t\t\t\t\t\t\t\t\t\t<div class=\"wp-show-posts-entry-summary\" itemprop=\"text\">\n\t\t\t\t\t\t\t<p>\u201c Vengan a m\u00ed todos los que est\u00e1n afligidos y agobiados, y yo los aliviar\u00e9. Carguen sobre ustedes mi yugo y aprendan de m\u00ed, porque soy paciente y humilde de coraz\u00f3n, y as\u00ed encontrar\u00e1n alivio. Porque mi yugo es suave y mi carga liviana.\u201d<\/p>\n\t\t\t\t\t\t<\/div><!-- .entry-summary -->\n\t\t\t\t\t<\/div><!-- wp-show-posts-inner --><\/article><article class=\" wp-show-posts-single post-2282 post type-post status-publish format-standard hentry category-novena-virgen-de-la-sonrisa wpsp-col-6\" itemtype=\"http:\/\/schema.org\/CreativeWork\" itemscope><div class=\"wp-show-posts-inner\" style=\"\">\t\t\t\t\t\t<header class=\"wp-show-posts-entry-header\">\n\t\t\t\t\t\t\t<h2 class=\"wp-show-posts-entry-title\" itemprop=\"headline\"><a href=\"http:\/\/lluviaderosas.com\/santateresita\/tercer-dia-2\/\" rel=\"bookmark\">Tercer d\u00eda<\/a><\/h2><div class=\"wp-show-posts-entry-meta wp-show-posts-entry-meta-below-title post-meta-inline\"><span class=\"wp-show-posts-posted-on wp-show-posts-meta\">\n\t\t\t\t\t<a href=\"http:\/\/lluviaderosas.com\/santateresita\/tercer-dia-2\/\" title=\"8:25 pm\" rel=\"bookmark\"><time class=\"wp-show-posts-entry-date published\" datetime=\"2021-07-11T20:25:01+00:00\" itemprop=\"datePublished\"><\/time><time class=\"wp-show-posts-updated\" datetime=\"2021-07-11T21:25:39+00:00\" itemprop=\"dateModified\"><\/time><\/a>\n\t\t\t\t<\/span><\/div>\t\t\t\t\t\t<\/header><!-- .entry-header -->\n\t\t\t\t\t\t\t\t\t\t\t<div class=\"wp-show-posts-entry-summary\" itemprop=\"text\">\n\t\t\t\t\t\t\t<p>\u201cLes aseguro que si el grano de trigo que cae en la tierra no muere, queda solo; pero si muere, da mucho fruto. El que tiene apego por su vida la perder\u00e1; y el que no est\u00e1 apegado a su vida en este mundo, la conservar\u00e1 para la Vida eterna.\u201d<\/p>\n\t\t\t\t\t\t<\/div><!-- .entry-summary -->\n\t\t\t\t\t<\/div><!-- wp-show-posts-inner --><\/article><article class=\" wp-show-posts-single post-2284 post type-post status-publish format-standard hentry category-novena-virgen-de-la-sonrisa wpsp-col-6\" itemtype=\"http:\/\/schema.org\/CreativeWork\" itemscope><div class=\"wp-show-posts-inner\" style=\"\">\t\t\t\t\t\t<header class=\"wp-show-posts-entry-header\">\n\t\t\t\t\t\t\t<h2 class=\"wp-show-posts-entry-title\" itemprop=\"headline\"><a href=\"http:\/\/lluviaderosas.com\/santateresita\/cuarto-dia-2\/\" rel=\"bookmark\">Cuarto d\u00eda<\/a><\/h2><div class=\"wp-show-posts-entry-meta wp-show-posts-entry-meta-below-title post-meta-inline\"><span class=\"wp-show-posts-posted-on wp-show-posts-meta\">\n\t\t\t\t\t<a href=\"http:\/\/lluviaderosas.com\/santateresita\/cuarto-dia-2\/\" title=\"8:26 pm\" rel=\"bookmark\"><time class=\"wp-show-posts-entry-date published\" datetime=\"2021-07-11T20:26:24+00:00\" itemprop=\"datePublished\"><\/time><time class=\"wp-show-posts-updated\" datetime=\"2021-07-11T20:26:29+00:00\" itemprop=\"dateModified\"><\/time><\/a>\n\t\t\t\t<\/span><\/div>\t\t\t\t\t\t<\/header><!-- .entry-header -->\n\t\t\t\t\t\t\t\t\t\t\t<div class=\"wp-show-posts-entry-summary\" itemprop=\"text\">\n\t\t\t\t\t\t\t<p>Virgen de la Sonrisa, Madre de la alegr\u00eda.Vengo a ponerme delante de tus ojos buenos.Necesito esa luz de tus ojos serenos y esa esperanzade tu rostro amable.Te doy gracias Mar\u00eda,&#8230;<\/p>\n\t\t\t\t\t\t<\/div><!-- .entry-summary -->\n\t\t\t\t\t<\/div><!-- wp-show-posts-inner --><\/article><article class=\" wp-show-posts-single post-2286 post type-post status-publish format-standard hentry category-novena-virgen-de-la-sonrisa wpsp-col-6\" itemtype=\"http:\/\/schema.org\/CreativeWork\" itemscope><div class=\"wp-show-posts-inner\" style=\"\">\t\t\t\t\t\t<header class=\"wp-show-posts-entry-header\">\n\t\t\t\t\t\t\t<h2 class=\"wp-show-posts-entry-title\" itemprop=\"headline\"><a href=\"http:\/\/lluviaderosas.com\/santateresita\/quinto-dia-2\/\" rel=\"bookmark\">Quinto d\u00eda<\/a><\/h2><div class=\"wp-show-posts-entry-meta wp-show-posts-entry-meta-below-title post-meta-inline\"><span class=\"wp-show-posts-posted-on wp-show-posts-meta\">\n\t\t\t\t\t<a href=\"http:\/\/lluviaderosas.com\/santateresita\/quinto-dia-2\/\" title=\"8:27 pm\" rel=\"bookmark\"><time class=\"wp-show-posts-entry-date published\" datetime=\"2021-07-11T20:27:20+00:00\" itemprop=\"datePublished\"><\/time><time class=\"wp-show-posts-updated\" datetime=\"2021-07-11T20:27:24+00:00\" itemprop=\"dateModified\"><\/time><\/a>\n\t\t\t\t<\/span><\/div>\t\t\t\t\t\t<\/header><!-- .entry-header -->\n\t\t\t\t\t\t\t\t\t\t\t<div class=\"wp-show-posts-entry-summary\" itemprop=\"text\">\n\t\t\t\t\t\t\t<p>Virgen de la Sonrisa, Madre de la alegr\u00eda.Vengo a ponerme delante de tus ojos buenos.Necesito esa luz de tus ojos serenos y esa esperanzade tu rostro amable.Te doy gracias Mar\u00eda,&#8230;<\/p>\n\t\t\t\t\t\t<\/div><!-- .entry-summary -->\n\t\t\t\t\t<\/div><!-- wp-show-posts-inner --><\/article><article class=\" wp-show-posts-single post-2288 post type-post status-publish format-standard hentry category-novena-virgen-de-la-sonrisa wpsp-col-6\" itemtype=\"http:\/\/schema.org\/CreativeWork\" itemscope><div class=\"wp-show-posts-inner\" style=\"\">\t\t\t\t\t\t<header class=\"wp-show-posts-entry-header\">\n\t\t\t\t\t\t\t<h2 class=\"wp-show-posts-entry-title\" itemprop=\"headline\"><a href=\"http:\/\/lluviaderosas.com\/santateresita\/sexto-dia-2\/\" rel=\"bookmark\">Sexto d\u00eda<\/a><\/h2><div class=\"wp-show-posts-entry-meta wp-show-posts-entry-meta-below-title post-meta-inline\"><span class=\"wp-show-posts-posted-on wp-show-posts-meta\">\n\t\t\t\t\t<a href=\"http:\/\/lluviaderosas.com\/santateresita\/sexto-dia-2\/\" title=\"8:28 pm\" rel=\"bookmark\"><time class=\"wp-show-posts-entry-date published\" datetime=\"2021-07-11T20:28:09+00:00\" itemprop=\"datePublished\"><\/time><time class=\"wp-show-posts-updated\" datetime=\"2021-07-11T20:28:12+00:00\" itemprop=\"dateModified\"><\/time><\/a>\n\t\t\t\t<\/span><\/div>\t\t\t\t\t\t<\/header><!-- .entry-header -->\n\t\t\t\t\t\t\t\t\t\t\t<div class=\"wp-show-posts-entry-summary\" itemprop=\"text\">\n\t\t\t\t\t\t\t<p>Virgen de la Sonrisa, Madre de la alegr\u00eda.Vengo a ponerme delante de tus ojos buenos.Necesito esa luz de tus ojos serenos y esa esperanzade tu rostro amable.Te doy gracias Mar\u00eda,&#8230;<\/p>\n\t\t\t\t\t\t<\/div><!-- .entry-summary -->\n\t\t\t\t\t<\/div><!-- wp-show-posts-inner --><\/article><article class=\" wp-show-posts-single post-2290 post type-post status-publish format-standard hentry category-novena-virgen-de-la-sonrisa wpsp-col-6\" itemtype=\"http:\/\/schema.org\/CreativeWork\" itemscope><div class=\"wp-show-posts-inner\" style=\"\">\t\t\t\t\t\t<header class=\"wp-show-posts-entry-header\">\n\t\t\t\t\t\t\t<h2 class=\"wp-show-posts-entry-title\" itemprop=\"headline\"><a href=\"http:\/\/lluviaderosas.com\/santateresita\/septimo-dia-2\/\" rel=\"bookmark\">S\u00e9ptimo d\u00eda<\/a><\/h2><div class=\"wp-show-posts-entry-meta wp-show-posts-entry-meta-below-title post-meta-inline\"><span class=\"wp-show-posts-posted-on wp-show-posts-meta\">\n\t\t\t\t\t<a href=\"http:\/\/lluviaderosas.com\/santateresita\/septimo-dia-2\/\" title=\"8:28 pm\" rel=\"bookmark\"><time class=\"wp-show-posts-entry-date published\" datetime=\"2021-07-11T20:28:53+00:00\" itemprop=\"datePublished\"><\/time><time class=\"wp-show-posts-updated\" datetime=\"2021-07-11T20:28:56+00:00\" itemprop=\"dateModified\"><\/time><\/a>\n\t\t\t\t<\/span><\/div>\t\t\t\t\t\t<\/header><!-- .entry-header -->\n\t\t\t\t\t\t\t\t\t\t\t<div class=\"wp-show-posts-entry-summary\" itemprop=\"text\">\n\t\t\t\t\t\t\t<p>Virgen de la Sonrisa, Madre de la alegr\u00eda.Vengo a ponerme delante de tus ojos buenos.Necesito esa luz de tus ojos serenos y esa esperanzade tu rostro amable.Te doy gracias Mar\u00eda,&#8230;<\/p>\n\t\t\t\t\t\t<\/div><!-- .entry-summary -->\n\t\t\t\t\t<\/div><!-- wp-show-posts-inner --><\/article><article class=\" wp-show-posts-single post-2292 post type-post status-publish format-standard hentry category-novena-virgen-de-la-sonrisa wpsp-col-6\" itemtype=\"http:\/\/schema.org\/CreativeWork\" itemscope><div class=\"wp-show-posts-inner\" style=\"\">\t\t\t\t\t\t<header class=\"wp-show-posts-entry-header\">\n\t\t\t\t\t\t\t<h2 class=\"wp-show-posts-entry-title\" itemprop=\"headline\"><a href=\"http:\/\/lluviaderosas.com\/santateresita\/octavo-dia-2\/\" rel=\"bookmark\">Octavo d\u00eda<\/a><\/h2><div class=\"wp-show-posts-entry-meta wp-show-posts-entry-meta-below-title post-meta-inline\"><span class=\"wp-show-posts-posted-on wp-show-posts-meta\">\n\t\t\t\t\t<a href=\"http:\/\/lluviaderosas.com\/santateresita\/octavo-dia-2\/\" title=\"8:29 pm\" rel=\"bookmark\"><time class=\"wp-show-posts-entry-date published\" datetime=\"2021-07-11T20:29:48+00:00\" itemprop=\"datePublished\"><\/time><time class=\"wp-show-posts-updated\" datetime=\"2021-07-11T20:29:52+00:00\" itemprop=\"dateModified\"><\/time><\/a>\n\t\t\t\t<\/span><\/div>\t\t\t\t\t\t<\/header><!-- .entry-header -->\n\t\t\t\t\t\t\t\t\t\t\t<div class=\"wp-show-posts-entry-summary\" itemprop=\"text\">\n\t\t\t\t\t\t\t<p>Virgen de la Sonrisa, Madre de la alegr\u00eda.Vengo a ponerme delante de tus ojos buenos.Necesito esa luz de tus ojos serenos y esa esperanzade tu rostro amable.Te doy gracias Mar\u00eda,&#8230;<\/p>\n\t\t\t\t\t\t<\/div><!-- .entry-summary -->\n\t\t\t\t\t<\/div><!-- wp-show-posts-inner --><\/article><article class=\" wp-show-posts-single post-2294 post type-post status-publish format-standard hentry category-novena-virgen-de-la-sonrisa wpsp-col-6\" itemtype=\"http:\/\/schema.org\/CreativeWork\" itemscope><div class=\"wp-show-posts-inner\" style=\"\">\t\t\t\t\t\t<header class=\"wp-show-posts-entry-header\">\n\t\t\t\t\t\t\t<h2 class=\"wp-show-posts-entry-title\" itemprop=\"headline\"><a href=\"http:\/\/lluviaderosas.com\/santateresita\/noveno-dia-2\/\" rel=\"bookmark\">Noveno d\u00eda<\/a><\/h2><div class=\"wp-show-posts-entry-meta wp-show-posts-entry-meta-below-title post-meta-inline\"><span class=\"wp-show-posts-posted-on wp-show-posts-meta\">\n\t\t\t\t\t<a href=\"http:\/\/lluviaderosas.com\/santateresita\/noveno-dia-2\/\" title=\"8:31 pm\" rel=\"bookmark\"><time class=\"wp-show-posts-entry-date published\" datetime=\"2021-07-11T20:31:09+00:00\" itemprop=\"datePublished\"><\/time><time class=\"wp-show-posts-updated\" datetime=\"2021-07-11T20:31:14+00:00\" itemprop=\"dateModified\"><\/time><\/a>\n\t\t\t\t<\/span><\/div>\t\t\t\t\t\t<\/header><!-- .entry-header -->\n\t\t\t\t\t\t\t\t\t\t\t<div class=\"wp-show-posts-entry-summary\" itemprop=\"text\">\n\t\t\t\t\t\t\t<p>Virgen de la Sonrisa, Madre de la alegr\u00eda.Vengo a ponerme delante de tus ojos buenos.Necesito esa luz de tus ojos serenos y esa esperanzade tu rostro amable.Te doy gracias Mar\u00eda,&#8230;<\/p>\n\t\t\t\t\t\t<\/div><!-- .entry-summary -->\n\t\t\t\t\t<\/div><!-- wp-show-posts-inner --><\/article><div class=\"wpsp-clear\"><\/div><\/section><!-- .wp-show-posts -->\n","protected":false},"excerpt":{"rendered":"<p>Especialmente destinada para ayudar a rezar a quienes se sienten afligidos y agobiados por tristeza, depresi\u00f3n o alguna enfermedad f\u00edsica,[&#8230;]<\/p>\n","protected":false},"author":1,"featured_media":0,"parent":0,"menu_order":0,"comment_status":"closed","ping_status":"closed","template":"template-fullwidth.php","meta":{"footnotes":""},"class_list":["post-2276","page","type-page","status-publish","hentry"],"_links":{"self":[{"href":"http:\/\/lluviaderosas.com\/santateresita\/wp-json\/wp\/v2\/pages\/2276","targetHints":{"allow":["GET"]}}],"collection":[{"href":"http:\/\/lluviaderosas.com\/santateresita\/wp-json\/wp\/v2\/pages"}],"about":[{"href":"http:\/\/lluviaderosas.com\/santateresita\/wp-json\/wp\/v2\/types\/page"}],"author":[{"embeddable":true,"href":"http:\/\/lluviaderosas.com\/santateresita\/wp-json\/wp\/v2\/users\/1"}],"replies":[{"embeddable":true,"href":"http:\/\/lluviaderosas.com\/santateresita\/wp-json\/wp\/v2\/comments?post=2276"}],"version-history":[{"count":6,"href":"http:\/\/lluviaderosas.com\/santateresita\/wp-json\/wp\/v2\/pages\/2276\/revisions"}],"predecessor-version":[{"id":2318,"href":"http:\/\/lluviaderosas.com\/santateresita\/wp-json\/wp\/v2\/pages\/2276\/revisions\/2318"}],"wp:attachment":[{"href":"http:\/\/lluviaderosas.com\/santateresita\/wp-json\/wp\/v2\/media?parent=2276"}],"curies":[{"name":"wp","href":"https:\/\/api.w.org\/{rel}","templated":true}]}}